{"id":153,"date":"2021-06-29T07:43:15","date_gmt":"2021-06-29T07:43:15","guid":{"rendered":"https:\/\/xn--strmmenengros-dnb.com\/?page_id=153"},"modified":"2024-09-08T18:33:34","modified_gmt":"2024-09-08T18:33:34","slug":"strommen-engros","status":"publish","type":"page","link":"https:\/\/xn--strmmenengros-dnb.com\/","title":{"rendered":"Registrer deg som bedriftskunde i dag!"},"content":{"rendered":"\n<p><\/p>\n\n\n\n<h2 class=\"wp-block-heading has-text-align-center\">Du m\u00e5 v\u00e6re innlogget for \u00e5 se og bestille produkter.<\/h2>\n\n\n\n<p><\/p>\n\n\n\n<p><\/p>\n\n\n\n<div class=\"wp-block-cover alignfull is-light is-style-default\" style=\"min-height:589px;aspect-ratio:unset;\"><span aria-hidden=\"true\" class=\"wp-block-cover__background has-background-dim-20 has-background-dim\"><\/span><img loading=\"lazy\" decoding=\"async\" width=\"1920\" height=\"1080\" class=\"wp-block-cover__image-background wp-image-72\" alt=\"\" src=\"http:\/\/xn--strmmenengros-dnb.com\/wp-content\/uploads\/2021\/06\/Strommen_Engros_1920x1080_01.jpg\" data-object-fit=\"cover\" srcset=\"https:\/\/xn--strmmenengros-dnb.com\/wp-content\/uploads\/2021\/06\/Strommen_Engros_1920x1080_01.jpg 1920w, https:\/\/xn--strmmenengros-dnb.com\/wp-content\/uploads\/2021\/06\/Strommen_Engros_1920x1080_01-416x234.jpg 416w, https:\/\/xn--strmmenengros-dnb.com\/wp-content\/uploads\/2021\/06\/Strommen_Engros_1920x1080_01-300x169.jpg 300w, https:\/\/xn--strmmenengros-dnb.com\/wp-content\/uploads\/2021\/06\/Strommen_Engros_1920x1080_01-1024x576.jpg 1024w, https:\/\/xn--strmmenengros-dnb.com\/wp-content\/uploads\/2021\/06\/Strommen_Engros_1920x1080_01-768x432.jpg 768w, https:\/\/xn--strmmenengros-dnb.com\/wp-content\/uploads\/2021\/06\/Strommen_Engros_1920x1080_01-1536x864.jpg 1536w, https:\/\/xn--strmmenengros-dnb.com\/wp-content\/uploads\/2021\/06\/Strommen_Engros_1920x1080_01-1568x882.jpg 1568w\" sizes=\"auto, (max-width: 1920px) 100vw, 1920px\" \/><div class=\"wp-block-cover__inner-container is-layout-flow wp-block-cover-is-layout-flow\">\n<div class=\"wp-block-columns is-layout-flex wp-container-core-columns-is-layout-9d6595d7 wp-block-columns-is-layout-flex\">\n<div class=\"wp-block-column is-layout-flow wp-block-column-is-layout-flow\" style=\"flex-basis:100%\">\n<div class=\"wp-block-group\"><div class=\"wp-block-group__inner-container is-layout-flow wp-block-group-is-layout-flow\">\n<div class=\"wp-block-columns is-layout-flex wp-container-core-columns-is-layout-9d6595d7 wp-block-columns-is-layout-flex\">\n<div class=\"wp-block-column is-layout-flow wp-block-column-is-layout-flow\" style=\"flex-basis:100%\">\n<h1 class=\"wp-block-heading has-text-align-center has-white-color has-text-color\" style=\"font-size:50px\"><strong>TUR OG HYTTE<\/strong><\/h1>\n\n\n\n<p><\/p>\n<\/div>\n<\/div>\n<\/div><\/div>\n<\/div>\n<\/div>\n\n\n\n<p class=\"has-text-align-center\">TURUTSTYR<\/p>\n\n\n\n<p class=\"has-text-align-center\">HYTTEUTSTYR<\/p>\n<\/div><\/div>\n\n\n\n<div style=\"height:45px\" aria-hidden=\"true\" class=\"wp-block-spacer\"><\/div>\n\n\n\n<div class=\"wp-block-buttons is-horizontal is-content-justification-center is-layout-flex wp-container-core-buttons-is-layout-499968f5 wp-block-buttons-is-layout-flex\">\n<div class=\"wp-block-button\"><a class=\"wp-block-button__link wp-element-button\" href=\"https:\/\/str\u00f8mmenengros.com\/index.php\/product-category\/tur-og-hytteutstyr\/\" style=\"border-radius:24px\">BESTILL HYTTEUTSTYR<\/a><\/div>\n<\/div>\n\n\n\n<div style=\"height:30px\" aria-hidden=\"true\" class=\"wp-block-spacer\"><\/div>\n\n\n\n<div class=\"wp-block-cover alignfull is-light\"><span aria-hidden=\"true\" class=\"wp-block-cover__background has-background-dim\"><\/span><img loading=\"lazy\" decoding=\"async\" width=\"1920\" height=\"1080\" class=\"wp-block-cover__image-background wp-image-174\" alt=\"\" src=\"http:\/\/xn--strmmenengros-dnb.com\/wp-content\/uploads\/2021\/06\/Strommen_Engros_Bunadstilbehor_1920x1080_01.jpg\" style=\"object-position:41% 31%\" data-object-fit=\"cover\" data-object-position=\"41% 31%\" srcset=\"https:\/\/xn--strmmenengros-dnb.com\/wp-content\/uploads\/2021\/06\/Strommen_Engros_Bunadstilbehor_1920x1080_01.jpg 1920w, https:\/\/xn--strmmenengros-dnb.com\/wp-content\/uploads\/2021\/06\/Strommen_Engros_Bunadstilbehor_1920x1080_01-416x234.jpg 416w, https:\/\/xn--strmmenengros-dnb.com\/wp-content\/uploads\/2021\/06\/Strommen_Engros_Bunadstilbehor_1920x1080_01-300x169.jpg 300w, https:\/\/xn--strmmenengros-dnb.com\/wp-content\/uploads\/2021\/06\/Strommen_Engros_Bunadstilbehor_1920x1080_01-1024x576.jpg 1024w, https:\/\/xn--strmmenengros-dnb.com\/wp-content\/uploads\/2021\/06\/Strommen_Engros_Bunadstilbehor_1920x1080_01-768x432.jpg 768w, https:\/\/xn--strmmenengros-dnb.com\/wp-content\/uploads\/2021\/06\/Strommen_Engros_Bunadstilbehor_1920x1080_01-1536x864.jpg 1536w, https:\/\/xn--strmmenengros-dnb.com\/wp-content\/uploads\/2021\/06\/Strommen_Engros_Bunadstilbehor_1920x1080_01-1568x882.jpg 1568w\" sizes=\"auto, (max-width: 1920px) 100vw, 1920px\" \/><div class=\"wp-block-cover__inner-container is-layout-flow wp-block-cover-is-layout-flow\">\n<h1 class=\"wp-block-heading has-text-align-center has-white-color has-text-color\" style=\"font-size:50px\"><strong>BUNADSTILBEH\u00d8R<\/strong><\/h1>\n\n\n\n<p class=\"has-text-align-center\">BUNADSSKJORTER<\/p>\n\n\n\n<p class=\"has-text-align-center\">STR\u00d8MPER<\/p>\n\n\n\n<p class=\"has-text-align-center\"> HATTER<\/p>\n<\/div><\/div>\n\n\n\n<div style=\"height:45px\" aria-hidden=\"true\" class=\"wp-block-spacer\"><\/div>\n\n\n\n<div class=\"wp-block-buttons is-horizontal is-content-justification-center is-layout-flex wp-container-core-buttons-is-layout-499968f5 wp-block-buttons-is-layout-flex\">\n<div class=\"wp-block-button\"><a class=\"wp-block-button__link wp-element-button\" href=\"https:\/\/xn--strmmenengros-dnb.com\/index.php\/product-category\/bunadstilbehor\/\" style=\"border-radius:24px\" rel=\"\">BESTILL BUNADSTILBEH\u00d8R<\/a><\/div>\n<\/div>\n\n\n\n<div style=\"height:30px\" aria-hidden=\"true\" class=\"wp-block-spacer\"><\/div>\n\n\n\n<div class=\"wp-block-cover alignfull is-light\"><span aria-hidden=\"true\" class=\"wp-block-cover__background has-background-dim\"><\/span><img loading=\"lazy\" decoding=\"async\" width=\"1920\" height=\"1080\" class=\"wp-block-cover__image-background wp-image-171\" alt=\"\" src=\"http:\/\/xn--strmmenengros-dnb.com\/wp-content\/uploads\/2021\/06\/Strommen_Engros_Midthun_Nissene_1920x1080_02.jpg\" data-object-fit=\"cover\" srcset=\"https:\/\/xn--strmmenengros-dnb.com\/wp-content\/uploads\/2021\/06\/Strommen_Engros_Midthun_Nissene_1920x1080_02.jpg 1920w, https:\/\/xn--strmmenengros-dnb.com\/wp-content\/uploads\/2021\/06\/Strommen_Engros_Midthun_Nissene_1920x1080_02-416x234.jpg 416w, https:\/\/xn--strmmenengros-dnb.com\/wp-content\/uploads\/2021\/06\/Strommen_Engros_Midthun_Nissene_1920x1080_02-300x169.jpg 300w, https:\/\/xn--strmmenengros-dnb.com\/wp-content\/uploads\/2021\/06\/Strommen_Engros_Midthun_Nissene_1920x1080_02-1024x576.jpg 1024w, https:\/\/xn--strmmenengros-dnb.com\/wp-content\/uploads\/2021\/06\/Strommen_Engros_Midthun_Nissene_1920x1080_02-768x432.jpg 768w, https:\/\/xn--strmmenengros-dnb.com\/wp-content\/uploads\/2021\/06\/Strommen_Engros_Midthun_Nissene_1920x1080_02-1536x864.jpg 1536w, https:\/\/xn--strmmenengros-dnb.com\/wp-content\/uploads\/2021\/06\/Strommen_Engros_Midthun_Nissene_1920x1080_02-1568x882.jpg 1568w\" sizes=\"auto, (max-width: 1920px) 100vw, 1920px\" \/><div class=\"wp-block-cover__inner-container is-layout-flow wp-block-cover-is-layout-flow\">\n<h1 class=\"wp-block-heading alignfull has-text-align-center has-white-color has-text-color\" style=\"font-size:50px\"><strong>JULEPRODUKTER<\/strong><\/h1>\n\n\n\n<p class=\"has-text-align-center\">MIDTHUN-NISSER<\/p>\n<\/div><\/div>\n\n\n\n<div style=\"height:45px\" aria-hidden=\"true\" class=\"wp-block-spacer\"><\/div>\n\n\n\n<div class=\"wp-block-buttons is-horizontal is-content-justification-center is-layout-flex wp-container-core-buttons-is-layout-499968f5 wp-block-buttons-is-layout-flex\">\n<div class=\"wp-block-button\"><a class=\"wp-block-button__link wp-element-button\" href=\"https:\/\/str\u00f8mmenengros.com\/index.php\/product-category\/juleprodukter\/\" style=\"border-radius:24px\">BESTILL JULEPRODUKTER<\/a><\/div>\n<\/div>\n\n\n\n<div style=\"height:30px\" aria-hidden=\"true\" class=\"wp-block-spacer\"><\/div>\n\n\n\n<figure class=\"wp-block-gallery has-nested-images columns-2 is-cropped wp-block-gallery-1 is-layout-flex wp-block-gallery-is-layout-flex\">\n<figure class=\"wp-block-image size-full\"><img loading=\"lazy\" decoding=\"async\" width=\"500\" height=\"500\" data-id=\"220\" src=\"https:\/\/xn--strmmenengros-dnb.com\/wp-content\/uploads\/2021\/06\/Strommen_Engros_Produkter_Drikkeflaske_500x500.jpg\" alt=\"\" class=\"wp-image-220\" srcset=\"https:\/\/xn--strmmenengros-dnb.com\/wp-content\/uploads\/2021\/06\/Strommen_Engros_Produkter_Drikkeflaske_500x500.jpg 500w, https:\/\/xn--strmmenengros-dnb.com\/wp-content\/uploads\/2021\/06\/Strommen_Engros_Produkter_Drikkeflaske_500x500-324x324.jpg 324w, https:\/\/xn--strmmenengros-dnb.com\/wp-content\/uploads\/2021\/06\/Strommen_Engros_Produkter_Drikkeflaske_500x500-100x100.jpg 100w, https:\/\/xn--strmmenengros-dnb.com\/wp-content\/uploads\/2021\/06\/Strommen_Engros_Produkter_Drikkeflaske_500x500-416x416.jpg 416w, https:\/\/xn--strmmenengros-dnb.com\/wp-content\/uploads\/2021\/06\/Strommen_Engros_Produkter_Drikkeflaske_500x500-300x300.jpg 300w, https:\/\/xn--strmmenengros-dnb.com\/wp-content\/uploads\/2021\/06\/Strommen_Engros_Produkter_Drikkeflaske_500x500-150x150.jpg 150w\" sizes=\"auto, (max-width: 500px) 100vw, 500px\" \/><\/figure>\n\n\n\n<figure class=\"wp-block-image size-full\"><img loading=\"lazy\" decoding=\"async\" width=\"500\" height=\"500\" data-id=\"221\" src=\"https:\/\/xn--strmmenengros-dnb.com\/wp-content\/uploads\/2021\/06\/Strommen_Engros_Produkter_Turkniv_500x500.jpg\" alt=\"\" class=\"wp-image-221\" srcset=\"https:\/\/xn--strmmenengros-dnb.com\/wp-content\/uploads\/2021\/06\/Strommen_Engros_Produkter_Turkniv_500x500.jpg 500w, https:\/\/xn--strmmenengros-dnb.com\/wp-content\/uploads\/2021\/06\/Strommen_Engros_Produkter_Turkniv_500x500-324x324.jpg 324w, https:\/\/xn--strmmenengros-dnb.com\/wp-content\/uploads\/2021\/06\/Strommen_Engros_Produkter_Turkniv_500x500-100x100.jpg 100w, https:\/\/xn--strmmenengros-dnb.com\/wp-content\/uploads\/2021\/06\/Strommen_Engros_Produkter_Turkniv_500x500-416x416.jpg 416w, https:\/\/xn--strmmenengros-dnb.com\/wp-content\/uploads\/2021\/06\/Strommen_Engros_Produkter_Turkniv_500x500-300x300.jpg 300w, https:\/\/xn--strmmenengros-dnb.com\/wp-content\/uploads\/2021\/06\/Strommen_Engros_Produkter_Turkniv_500x500-150x150.jpg 150w\" sizes=\"auto, (max-width: 500px) 100vw, 500px\" \/><\/figure>\n\n\n\n<figure class=\"wp-block-image size-full\"><img loading=\"lazy\" decoding=\"async\" width=\"500\" height=\"500\" data-id=\"222\" src=\"https:\/\/xn--strmmenengros-dnb.com\/wp-content\/uploads\/2021\/06\/Strommen_Engros_Produkter_Turkopp_500x500.jpg\" alt=\"\" class=\"wp-image-222\" srcset=\"https:\/\/xn--strmmenengros-dnb.com\/wp-content\/uploads\/2021\/06\/Strommen_Engros_Produkter_Turkopp_500x500.jpg 500w, https:\/\/xn--strmmenengros-dnb.com\/wp-content\/uploads\/2021\/06\/Strommen_Engros_Produkter_Turkopp_500x500-324x324.jpg 324w, https:\/\/xn--strmmenengros-dnb.com\/wp-content\/uploads\/2021\/06\/Strommen_Engros_Produkter_Turkopp_500x500-100x100.jpg 100w, https:\/\/xn--strmmenengros-dnb.com\/wp-content\/uploads\/2021\/06\/Strommen_Engros_Produkter_Turkopp_500x500-416x416.jpg 416w, https:\/\/xn--strmmenengros-dnb.com\/wp-content\/uploads\/2021\/06\/Strommen_Engros_Produkter_Turkopp_500x500-300x300.jpg 300w, https:\/\/xn--strmmenengros-dnb.com\/wp-content\/uploads\/2021\/06\/Strommen_Engros_Produkter_Turkopp_500x500-150x150.jpg 150w\" sizes=\"auto, (max-width: 500px) 100vw, 500px\" \/><\/figure>\n\n\n\n<figure class=\"wp-block-image size-full\"><img loading=\"lazy\" decoding=\"async\" width=\"500\" height=\"500\" data-id=\"223\" src=\"https:\/\/xn--strmmenengros-dnb.com\/wp-content\/uploads\/2021\/06\/Strommen_Engros_Produkter_Midthun_Nisse_500x500.jpg\" alt=\"\" class=\"wp-image-223\" srcset=\"https:\/\/xn--strmmenengros-dnb.com\/wp-content\/uploads\/2021\/06\/Strommen_Engros_Produkter_Midthun_Nisse_500x500.jpg 500w, https:\/\/xn--strmmenengros-dnb.com\/wp-content\/uploads\/2021\/06\/Strommen_Engros_Produkter_Midthun_Nisse_500x500-324x324.jpg 324w, https:\/\/xn--strmmenengros-dnb.com\/wp-content\/uploads\/2021\/06\/Strommen_Engros_Produkter_Midthun_Nisse_500x500-100x100.jpg 100w, https:\/\/xn--strmmenengros-dnb.com\/wp-content\/uploads\/2021\/06\/Strommen_Engros_Produkter_Midthun_Nisse_500x500-416x416.jpg 416w, https:\/\/xn--strmmenengros-dnb.com\/wp-content\/uploads\/2021\/06\/Strommen_Engros_Produkter_Midthun_Nisse_500x500-300x300.jpg 300w, https:\/\/xn--strmmenengros-dnb.com\/wp-content\/uploads\/2021\/06\/Strommen_Engros_Produkter_Midthun_Nisse_500x500-150x150.jpg 150w\" sizes=\"auto, (max-width: 500px) 100vw, 500px\" \/><\/figure>\n<figcaption class=\"blocks-gallery-caption wp-element-caption\">Et lite utvalg av Str\u00f8mmen Engros produkter.<\/figcaption><\/figure>\n\n\n\n<div class=\"wp-block-group\"><div class=\"wp-block-group__inner-container is-layout-flow wp-block-group-is-layout-flow\">\n<div class=\"wp-block-columns is-layout-flex wp-container-core-columns-is-layout-9d6595d7 wp-block-columns-is-layout-flex\">\n<div class=\"wp-block-column is-layout-flow wp-block-column-is-layout-flow\" style=\"flex-basis:100%\"><\/div>\n<\/div>\n<\/div><\/div>\n","protected":false},"excerpt":{"rendered":"<p>Du m\u00e5 v\u00e6re innlogget for \u00e5 se og bestille produkter.<\/p>\n","protected":false},"author":1,"featured_media":0,"parent":0,"menu_order":0,"comment_status":"closed","ping_status":"closed","template":"","meta":{"om_disable_all_campaigns":false,"footnotes":""},"class_list":["post-153","page","type-page","status-publish","hentry"],"aioseo_notices":[],"_links":{"self":[{"href":"https:\/\/xn--strmmenengros-dnb.com\/index.php\/wp-json\/wp\/v2\/pages\/153","targetHints":{"allow":["GET"]}}],"collection":[{"href":"https:\/\/xn--strmmenengros-dnb.com\/index.php\/wp-json\/wp\/v2\/pages"}],"about":[{"href":"https:\/\/xn--strmmenengros-dnb.com\/index.php\/wp-json\/wp\/v2\/types\/page"}],"author":[{"embeddable":true,"href":"https:\/\/xn--strmmenengros-dnb.com\/index.php\/wp-json\/wp\/v2\/users\/1"}],"replies":[{"embeddable":true,"href":"https:\/\/xn--strmmenengros-dnb.com\/index.php\/wp-json\/wp\/v2\/comments?post=153"}],"version-history":[{"count":68,"href":"https:\/\/xn--strmmenengros-dnb.com\/index.php\/wp-json\/wp\/v2\/pages\/153\/revisions"}],"predecessor-version":[{"id":888,"href":"https:\/\/xn--strmmenengros-dnb.com\/index.php\/wp-json\/wp\/v2\/pages\/153\/revisions\/888"}],"wp:attachment":[{"href":"https:\/\/xn--strmmenengros-dnb.com\/index.php\/wp-json\/wp\/v2\/media?parent=153"}],"curies":[{"name":"wp","href":"https:\/\/api.w.org\/{rel}","templated":true}]}}